{"id":582,"date":"2022-11-28T13:34:59","date_gmt":"2022-11-28T13:34:59","guid":{"rendered":"http:\/\/1chaincapital.loc\/?page_id=582"},"modified":"2022-11-28T13:38:47","modified_gmt":"2022-11-28T13:38:47","slug":"politica-de-privacidade","status":"publish","type":"page","link":"https:\/\/www.atlantic-investimento.co\/pt-pt\/politica-de-privacidade\/","title":{"rendered":"Pol\u00edtica de Privacidade"},"content":{"rendered":"<div class=\"row\">\n<div class=\"col-sm-12\">\n<h1><font style=\"vertical-align: inherit;\"><font style=\"vertical-align: inherit;\">POL\u00cdTICA DE PRIVACIDADE<\/font><\/font><\/h1>\n<p>&nbsp;<br \/>\n<strong><font style=\"vertical-align: inherit;\"><font style=\"vertical-align: inherit;\">A Atlantic Investimento faz o poss\u00edvel para garantir que a privacidade, confidencialidade e seguran\u00e7a de seus clientes sejam preservadas durante toda a intera\u00e7\u00e3o com a empresa e posteriormente, na medida do poss\u00edvel pela empresa.<\/font><\/font><\/strong><br \/>\n&nbsp;<\/p>\n<ol>\n<li style=\"padding-bottom:5px;\"><font style=\"vertical-align: inherit;\"><font style=\"vertical-align: inherit;\">Quando os clientes se registram na <\/font><\/font><strong><font style=\"vertical-align: inherit;\"><font style=\"vertical-align: inherit;\">Atlantic Investimento<\/font><\/font><\/strong><font style=\"vertical-align: inherit;\"><font style=\"vertical-align: inherit;\"> , eles reconhecem sua disposi\u00e7\u00e3o de compartilhar com a empresa certas informa\u00e7\u00f5es privadas que usamos com o objetivo de confirmar a identidade do cliente e garantir a seguran\u00e7a de seus dep\u00f3sitos e conta de negocia\u00e7\u00e3o. <\/font><font style=\"vertical-align: inherit;\">Essas informa\u00e7\u00f5es s\u00e3o coletadas de acordo com nossos rigorosos procedimentos de verifica\u00e7\u00e3o, usados \u200b\u200bpara impedir opera\u00e7\u00f5es internacionais de lavagem de dinheiro e para garantir a seguran\u00e7a da atividade comercial de nossos clientes.<\/font><\/font><\/li>\n<p>&nbsp;<\/p>\n<li style=\"padding-bottom:5px;\"><font style=\"vertical-align: inherit;\"><font style=\"vertical-align: inherit;\">Os nossos clientes comprometem-se a fornecer-nos informa\u00e7\u00f5es verdadeiras, atualizadas e precisas sobre a sua identidade. <\/font><font style=\"vertical-align: inherit;\">Al\u00e9m disso, eles s\u00e3o obrigados a declarar categoricamente que est\u00e3o se registrando e negociando em seu pr\u00f3prio nome e n\u00e3o est\u00e3o tentando, em nenhum momento, agir de maneira que possa ser considerada fraudulenta, nem est\u00e3o tentando se passar por outros indiv\u00edduos para quaisquer fins.<\/font><\/font><\/li>\n<p>&nbsp;<\/p>\n<li style=\"padding-bottom:5px;\"><strong><font style=\"vertical-align: inherit;\"><font style=\"vertical-align: inherit;\">Os procedimentos de coleta de dados da Atlantic Investimento<\/font><\/font><\/strong><font style=\"vertical-align: inherit;\"><font style=\"vertical-align: inherit;\"> incluem a coleta de informa\u00e7\u00f5es livremente divulgadas do cliente conforme compartilhadas com a empresa, al\u00e9m da coloca\u00e7\u00e3o de cookies para fins de coleta de dados sobre a maneira como o cliente interage com <\/font><\/font><strong><font style=\"vertical-align: inherit;\"><font style=\"vertical-align: inherit;\">o site da Atlantic Investimento<\/font><\/font><\/strong><font style=\"vertical-align: inherit;\"><font style=\"vertical-align: inherit;\"> . <\/font><font style=\"vertical-align: inherit;\">Essas ferramentas de coleta de informa\u00e7\u00f5es do cliente s\u00e3o empregadas com o objetivo de garantir a seguran\u00e7a do pr\u00f3prio cliente e todos os dados coletados pela empresa s\u00e3o compartilhados apenas com indiv\u00edduos da empresa envolvidos na verifica\u00e7\u00e3o das informa\u00e7\u00f5es da conta do cliente com o objetivo expresso de garantir a seguran\u00e7a do cliente. confidencialidade e seguran\u00e7a.<\/font><\/font><\/li>\n<p>&nbsp;<\/p>\n<li style=\"padding-bottom:5px;\"><font style=\"vertical-align: inherit;\"><font style=\"vertical-align: inherit;\">A Atlantic Investimento nunca divulgar\u00e1 qualquer informa\u00e7\u00e3o privada ou confidencial em rela\u00e7\u00e3o a nossos clientes e ex-clientes a terceiros sem o consentimento expresso e por escrito de nossos clientes, exceto em casos espec\u00edficos em que a divulga\u00e7\u00e3o seja uma exig\u00eancia legal ou de outra forma necess\u00e1ria em para realizar an\u00e1lises de verifica\u00e7\u00e3o da identidade do cliente com o objetivo de proteger sua conta e proteger suas informa\u00e7\u00f5es pessoais.<\/font><\/font><\/li>\n<p>&nbsp;<\/p>\n<li style=\"padding-bottom:5px;\"><font style=\"vertical-align: inherit;\"><font style=\"vertical-align: inherit;\">Ao se registrar na Atlantic Investimento e atrav\u00e9s da intera\u00e7\u00e3o volunt\u00e1ria que eles realizam com os produtos e servi\u00e7os da Atlantic Investimento, os clientes confirmam e concordam que consentem com o uso de toda ou parte das informa\u00e7\u00f5es que fornecem sobre sua conta de negocia\u00e7\u00e3o Atlantic Investimento, as transa\u00e7\u00f5es que realizam atrav\u00e9s dela e o intera\u00e7\u00f5es que realizam com a empresa em nome da empresa. <\/font><font style=\"vertical-align: inherit;\">Todas as intera\u00e7\u00f5es que o cliente realizar com a empresa ser\u00e3o armazenadas pela empresa para fins de registro e, como tal, poder\u00e3o ser empregadas pela empresa nos casos em que surgirem disputas entre clientes e .<\/font><\/font><\/li>\n<p>&nbsp;<\/p>\n<li style=\"padding-bottom:5px;\"><font style=\"vertical-align: inherit;\"><font style=\"vertical-align: inherit;\">A Atlantic Investimento faz o poss\u00edvel para garantir a confidencialidade das informa\u00e7\u00f5es pessoais de seus clientes, incluindo a implementa\u00e7\u00e3o de procedimentos de prote\u00e7\u00e3o de dados projetados para garantir a confidencialidade do cliente. <\/font><font style=\"vertical-align: inherit;\">V garante que sua pol\u00edtica de prote\u00e7\u00e3o de dados seja atualizada regularmente para garantir que as informa\u00e7\u00f5es confidenciais de seus clientes sejam continuamente protegidas.<\/font><\/font><\/li>\n<p>&nbsp;<\/p>\n<li style=\"padding-bottom:5px;\"><font style=\"vertical-align: inherit;\"><font style=\"vertical-align: inherit;\">De tempos em tempos, a Atlantic Investimento pode entrar em contato com os clientes, seja por telefone ou e-mail, com o objetivo de oferecer mais informa\u00e7\u00f5es sobre a negocia\u00e7\u00e3o de op\u00e7\u00f5es bin\u00e1rias da Atlantic Investimento ou negocia\u00e7\u00e3o no mercado financeiro. <\/font><font style=\"vertical-align: inherit;\">Al\u00e9m disso, a empresa pode, ocasionalmente, procurar entrar em contato com os clientes, seja por telefone ou por e-mail, com o objetivo de inform\u00e1-los sobre ofertas promocionais exclusivas fornecidas pela Atlantic Investimento para o cliente. <\/font><font style=\"vertical-align: inherit;\">Os clientes consentem em receber tal contato quando concordam com nossos termos e condi\u00e7\u00f5es de uso ao se registrarem na Atlantic Investimento. <\/font><font style=\"vertical-align: inherit;\">Qualquer pessoa que deseje cancelar mais contato com a Atlantic Investimento a qualquer momento tem o direito de faz\u00ea-lo, simplesmente entrando em contato com a empresa por telefone ou e-mail e solicitando que nenhum outro contato em nome da empresa seja feito.<\/font><\/font><\/li>\n<p>&nbsp;<\/ol>\n<\/div>\n<\/div>\n","protected":false},"excerpt":{"rendered":"<p>POL\u00cdTICA DE PRIVACIDADE &nbsp; A Atlantic Investimento faz o poss\u00edvel para garantir que a privacidade, confidencialidade e seguran\u00e7a de seus clientes sejam preservadas durante toda a intera\u00e7\u00e3o com a empresa e posteriormente, na medida do poss\u00edvel pela empresa. &nbsp; Quando os clientes se registram na Atlantic Investimento , eles reconhecem sua disposi\u00e7\u00e3o de compartilhar com [&hellip;]<\/p>\n","protected":false},"author":2,"featured_media":0,"parent":0,"menu_order":0,"comment_status":"closed","ping_status":"closed","template":"","meta":{"footnotes":""},"class_list":["post-582","page","type-page","status-publish","hentry"],"_links":{"self":[{"href":"https:\/\/www.atlantic-investimento.co\/pt-pt\/wp-json\/wp\/v2\/pages\/582","targetHints":{"allow":["GET"]}}],"collection":[{"href":"https:\/\/www.atlantic-investimento.co\/pt-pt\/wp-json\/wp\/v2\/pages"}],"about":[{"href":"https:\/\/www.atlantic-investimento.co\/pt-pt\/wp-json\/wp\/v2\/types\/page"}],"author":[{"embeddable":true,"href":"https:\/\/www.atlantic-investimento.co\/pt-pt\/wp-json\/wp\/v2\/users\/2"}],"replies":[{"embeddable":true,"href":"https:\/\/www.atlantic-investimento.co\/pt-pt\/wp-json\/wp\/v2\/comments?post=582"}],"version-history":[{"count":2,"href":"https:\/\/www.atlantic-investimento.co\/pt-pt\/wp-json\/wp\/v2\/pages\/582\/revisions"}],"predecessor-version":[{"id":584,"href":"https:\/\/www.atlantic-investimento.co\/pt-pt\/wp-json\/wp\/v2\/pages\/582\/revisions\/584"}],"wp:attachment":[{"href":"https:\/\/www.atlantic-investimento.co\/pt-pt\/wp-json\/wp\/v2\/media?parent=582"}],"curies":[{"name":"wp","href":"https:\/\/api.w.org\/{rel}","templated":true}]}}