{"id":575,"date":"2022-11-28T10:58:14","date_gmt":"2022-11-28T10:58:14","guid":{"rendered":"http:\/\/1chaincapital.loc\/?page_id=575"},"modified":"2022-11-28T10:58:17","modified_gmt":"2022-11-28T10:58:17","slug":"politica-de-cookies","status":"publish","type":"page","link":"https:\/\/www.atlantic-investimento.co\/pt-pt\/politica-de-cookies\/","title":{"rendered":"<a href=\"https:\/\/www.mctrading.io\/scb\/pt\/cookie-politica\">Pol\u00edtica de Cookies<\/a>"},"content":{"rendered":"<div class=\"slider-bg-box\" style=\"background-image:linear-gradient(90deg, #0c0c12 0, rgba(255, 255, 255, 0) 100%), url(\/wp-content\/themes\/theforest\/images\/execution-venues_bg.webp)\">\n\t<div class=\"hero-section desktop\">\n\t\t<div class=\"container\"><br><br><div class=\"h1\">Pol\u00edtica de Cookies<\/div><\/div>\n\t<\/div>\n<\/div>\n<style> .PS-main-container > p{font-size: 16px!important;text-align: justify;margin-bottom: 16px !important;} <\/style>\n<section id=\"section_terms_of_use\">\n<div class=\"container PS-main-container p-5\">\n<p><font style=\"vertical-align: inherit;\"><font style=\"vertical-align: inherit;\">Visitar os sites da Atlantic Investimento com as configura\u00e7\u00f5es do navegador ajustadas para aceitar cookies ou usar dispositivos, aplicativos m\u00f3veis ou outro software da Atlantic Investimento nos informa que voc\u00ea deseja usar os produtos e servi\u00e7os da Atlantic Investimento e que concorda com o uso de cookies e outras tecnologias para fornec\u00ea-los a voc\u00ea conforme descrito neste aviso. <\/font><font style=\"vertical-align: inherit;\">Veja abaixo informa\u00e7\u00f5es sobre como modificar as configura\u00e7\u00f5es em seu dispositivo para notific\u00e1-lo quando voc\u00ea receber um novo cookie e desabilitar os cookies completamente.<\/font><\/font><\/p>\n<p class=\"font-weight-bold\"><b><font style=\"vertical-align: inherit;\"><font style=\"vertical-align: inherit;\">O que s\u00e3o cookies e como os usamos?<\/font><\/font><\/b><\/p>\n<p><font style=\"vertical-align: inherit;\"><font style=\"vertical-align: inherit;\">Cookies s\u00e3o identificadores \u00fanicos (pequenos arquivos) que s\u00e3o transferidos para o seu dispositivo e permitem que nossos sistemas reconhe\u00e7am seu dispositivo. <\/font><font style=\"vertical-align: inherit;\">Para obter mais informa\u00e7\u00f5es, consulte <\/font><\/font><a class=\"dark-gray\" href=\"https:\/\/aboutcookies.org\/\" target=\"_blank\" rel=\"noopener\"><font style=\"vertical-align: inherit;\"><font style=\"vertical-align: inherit;\">aboutcookies.org<\/font><\/font><\/a><font style=\"vertical-align: inherit;\"><font style=\"vertical-align: inherit;\"> . <\/font><font style=\"vertical-align: inherit;\">A utiliza\u00e7\u00e3o de cookies permite-nos:<\/font><\/font><\/p>\n<ul>\n<li><font style=\"vertical-align: inherit;\"><font style=\"vertical-align: inherit;\">identific\u00e1-lo quando voc\u00ea entrar e lembrar seus detalhes de login<\/font><\/font><\/li>\n<li><font style=\"vertical-align: inherit;\"><font style=\"vertical-align: inherit;\">determinar o tipo de navegador e configura\u00e7\u00f5es que voc\u00ea est\u00e1 usando<\/font><\/font><\/li>\n<li><font style=\"vertical-align: inherit;\"><font style=\"vertical-align: inherit;\">prevenir atividades fraudulentas e aumentar a seguran\u00e7a<\/font><\/font><\/li>\n<li><font style=\"vertical-align: inherit;\"><font style=\"vertical-align: inherit;\">realizar pesquisas e diagn\u00f3sticos para melhorar o conte\u00fado, produtos e servi\u00e7os da Atlantic Investimento<\/font><\/font><\/li>\n<li><font style=\"vertical-align: inherit;\"><font style=\"vertical-align: inherit;\">permitir que propriet\u00e1rios de sites e anunciantes terceirizados ajustem o conte\u00fado de acordo com suas prefer\u00eancias<\/font><\/font><\/li>\n<li><font style=\"vertical-align: inherit;\"><font style=\"vertical-align: inherit;\">monitorar visitas, desempenho e erros, a fim de fornecer um trabalho eficiente de nossos sites<\/font><\/font><\/li>\n<\/ul>\n<p><font style=\"vertical-align: inherit;\"><font style=\"vertical-align: inherit;\">Qualquer refer\u00eancia a \u201csites\u201d da Atlantic Investimento inclui nossos sites, dispositivos, aplicativos m\u00f3veis ou outro software da Atlantic Investimento.<\/font><\/font><\/p>\n<p class=\"font-weight-bold\"><b><font style=\"vertical-align: inherit;\"><font style=\"vertical-align: inherit;\">Os tipos de cookies que usamos em nosso site<\/font><\/font><\/b><\/p>\n<p><font style=\"vertical-align: inherit;\"><font style=\"vertical-align: inherit;\">Cookies essenciais \u2013 necess\u00e1rios para as fun\u00e7\u00f5es vitais do nosso site e plataforma de negocia\u00e7\u00e3o. <\/font><font style=\"vertical-align: inherit;\">Se estiverem desativados, voc\u00ea n\u00e3o poder\u00e1 acessar a plataforma ou outras partes importantes do site.<\/font><\/font><\/p>\n<p><font style=\"vertical-align: inherit;\"><font style=\"vertical-align: inherit;\">Cookies de marketing \u2013 permitindo que voc\u00ea experimente conte\u00fado on-line mais relevante e veja an\u00fancios alinhados com seus interesses, conforme indicado por sua atividade em nosso site. <\/font><font style=\"vertical-align: inherit;\">Seus dados coletaram seus dados, nos esfor\u00e7amos para garantir que as informa\u00e7\u00f5es que eles coletam sejam anonimizadas.<\/font><\/font><\/p>\n<p><font style=\"vertical-align: inherit;\"><font style=\"vertical-align: inherit;\">Cookies Comportamentais e Anal\u00edticos \u2013 ajudando-nos a prestar-lhe um melhor servi\u00e7o. <\/font><font style=\"vertical-align: inherit;\">Eles podem personalizar o conte\u00fado do site de acordo com suas prefer\u00eancias pessoais e comportamento anterior ou lembrar suas configura\u00e7\u00f5es salvas.<\/font><\/font><\/p>\n<p><font style=\"vertical-align: inherit;\"><font style=\"vertical-align: inherit;\">Outros Cookies \u2013 cookies de terceiros de empresas que envolvemos para realizar nossas iniciativas de marketing e aprimorar sua experi\u00eancia de usu\u00e1rio. <\/font><font style=\"vertical-align: inherit;\">Os dados recolhidos por estes cookies s\u00e3o anonimizados e em caso de qualquer altera\u00e7\u00e3o, envidaremos todos os esfor\u00e7os para o notificar.<\/font><\/font><\/p>\n<p><font style=\"vertical-align: inherit;\"><font style=\"vertical-align: inherit;\">Observe que os cookies permitem que voc\u00ea obtenha a melhor experi\u00eancia com nosso site, seus produtos e processo de inscri\u00e7\u00e3o. <\/font><font style=\"vertical-align: inherit;\">Se n\u00e3o aceitar a utiliza\u00e7\u00e3o da nossa Pol\u00edtica de Cookies ou configurar o seu navegador de forma a n\u00e3o aceitar os nossos cookies, poder\u00e1 n\u00e3o conseguir aceder a algumas das funcionalidades ou servi\u00e7os do website.<\/font><\/font><\/p>\n<p class=\"font-weight-bold\"><b><font style=\"vertical-align: inherit;\"><font style=\"vertical-align: inherit;\">Cookies e configura\u00e7\u00f5es do navegador<\/font><\/font><\/b><\/p>\n<p><font style=\"vertical-align: inherit;\"><font style=\"vertical-align: inherit;\">O recurso de Ajuda na maioria dos navegadores informar\u00e1 como impedir que seu navegador aceite novos cookies, como fazer com que o navegador o notifique quando voc\u00ea receber um novo cookie e como desabilitar os cookies completamente. <\/font><font style=\"vertical-align: inherit;\">Al\u00e9m disso, voc\u00ea pode desativar ou excluir dados semelhantes usados \u200b\u200bpor complementos do navegador, como Flash cookies, alterando as configura\u00e7\u00f5es do complemento ou visitando o site do fabricante.<\/font><\/font><\/p>\n<p><font style=\"vertical-align: inherit;\"><font style=\"vertical-align: inherit;\">Estamos comprometidos em proteger suas informa\u00e7\u00f5es pessoais. <\/font><font style=\"vertical-align: inherit;\">Se voc\u00ea tiver alguma d\u00favida ou preocupa\u00e7\u00e3o espec\u00edfica sobre cookies, entre em contato com <\/font><\/font><a class=\"dark-gray\" href=\"mailto:support@atlantic-investimento.co\"><font style=\"vertical-align: inherit;\"><font style=\"vertical-align: inherit;\">support@atlantic-investimento.co<\/font><\/font><\/a><font style=\"vertical-align: inherit;\"><font style=\"vertical-align: inherit;\"> .<\/font><\/font><\/p>\n<p><font style=\"vertical-align: inherit;\"><font style=\"vertical-align: inherit;\">Para mais informa\u00e7\u00f5es sobre como lidamos com seus dados, consulte nossa <\/font><\/font><a class=\"fc-yellow fw-semibold\" href=\"\/documents\/legal-documents\/SCB\/2021\/Privacy-Security-Policy_April.pdf\"><font style=\"vertical-align: inherit;\"><font style=\"vertical-align: inherit;\">Pol\u00edtica de Privacidade.<\/font><\/font><\/a><\/p>\n<\/div>\n<\/section>\n","protected":false},"excerpt":{"rendered":"<p>Visitar os sites da Atlantic Investimento com as configura\u00e7\u00f5es do navegador ajustadas para aceitar cookies ou usar dispositivos, aplicativos m\u00f3veis ou outro software da Atlantic Investimento nos informa que voc\u00ea deseja usar os produtos e servi\u00e7os da Atlantic Investimento e que concorda com o uso de cookies e outras tecnologias para fornec\u00ea-los a voc\u00ea conforme [&hellip;]<\/p>\n","protected":false},"author":2,"featured_media":0,"parent":0,"menu_order":0,"comment_status":"closed","ping_status":"closed","template":"page-with-slider.php","meta":{"footnotes":""},"class_list":["post-575","page","type-page","status-publish","hentry"],"_links":{"self":[{"href":"https:\/\/www.atlantic-investimento.co\/pt-pt\/wp-json\/wp\/v2\/pages\/575","targetHints":{"allow":["GET"]}}],"collection":[{"href":"https:\/\/www.atlantic-investimento.co\/pt-pt\/wp-json\/wp\/v2\/pages"}],"about":[{"href":"https:\/\/www.atlantic-investimento.co\/pt-pt\/wp-json\/wp\/v2\/types\/page"}],"author":[{"embeddable":true,"href":"https:\/\/www.atlantic-investimento.co\/pt-pt\/wp-json\/wp\/v2\/users\/2"}],"replies":[{"embeddable":true,"href":"https:\/\/www.atlantic-investimento.co\/pt-pt\/wp-json\/wp\/v2\/comments?post=575"}],"version-history":[{"count":1,"href":"https:\/\/www.atlantic-investimento.co\/pt-pt\/wp-json\/wp\/v2\/pages\/575\/revisions"}],"predecessor-version":[{"id":576,"href":"https:\/\/www.atlantic-investimento.co\/pt-pt\/wp-json\/wp\/v2\/pages\/575\/revisions\/576"}],"wp:attachment":[{"href":"https:\/\/www.atlantic-investimento.co\/pt-pt\/wp-json\/wp\/v2\/media?parent=575"}],"curies":[{"name":"wp","href":"https:\/\/api.w.org\/{rel}","templated":true}]}}